{"id":83,"date":"2015-01-20T14:06:39","date_gmt":"2015-01-20T13:06:39","guid":{"rendered":"http:\/\/composarq.blogs.upv.es\/?page_id=83"},"modified":"2015-10-23T11:18:46","modified_gmt":"2015-10-23T10:18:46","slug":"que-es-el-dto","status":"publish","type":"page","link":"https:\/\/composarq.blogs.upv.es\/en\/que-es-el-dto\/","title":{"rendered":"About the dept."},"content":{"rendered":"<h6><span style=\"color: #000000\">This department is responsible for organizing an developing research and teaching of the area of knowledge of Architectural Composition.<br \/>\n<\/span><\/h6>\n<h6><span style=\"color: #000000\">Also, the department teaches subjetcs in the following schools:<br \/>\n<\/span><\/h6>\n<h6 style=\"padding-left: 30px\"><span style=\"color: #000000\"> <a href=\"http:\/\/www.upv.es\/entidades\/EPSA\/index-en.html\" target=\"_blank\">Higher Polytechnic School of Alcoy<\/a>, <a href=\"http:\/\/www.upv.es\/entidades\/ETSA\/index-en.html\" target=\"_blank\">School of Architecture<\/a>, <a href=\"http:\/\/www.upv.es\/entidades\/ETSID\/index-en.html\" target=\"_blank\">School of Design Engineering<\/a>, <a href=\"http:\/\/www.upv.es\/entidades\/ETSICCP\/indexi.html\" target=\"_blank\">School of Civil Engineering.<\/a><\/span><\/h6>\n<h6><span style=\"text-decoration: underline\"><span style=\"color: #993366;text-decoration: underline\">Contact Administrative Service:<\/span><\/span><\/h6>\n<h6 style=\"padding-left: 30px\"><em><span style=\"color: #000000\">Secretar\u00eda del Dto. de Composici\u00f3n Arquitect\u00f3nica<\/span><\/em><\/h6>\n<h6 style=\"padding-left: 30px\"><em><span style=\"color: #000000\">E.T.S. Arquitectura &#8211; Edificio 2a<\/span><\/em><\/h6>\n<h6 style=\"padding-left: 30px\"><em><span style=\"color: #000000\">Camino de Vera, s\/n &#8211; 46022 VALENCIA<\/span><\/em><\/h6>\n<h6 style=\"padding-left: 30px\"><em><span style=\"color: #000000\">Email: depcpa@upv.es<\/span><\/em><\/h6>\n<h6 style=\"padding-left: 30px\"><em><span style=\"color: #000000\">Tfno.: 963877440<\/span><\/em><\/h6>\n<h6 style=\"padding-left: 30px\"><em><span style=\"color: #000000\">Fax.:\u00a0 963877449<\/span><\/em><\/h6>\n<div id=\"yui3-css-stamp\"><\/div>\n<div id=\"s2s\">\n<div id=\"s2s-flyout\" class=\"s2s-flyout-row dialog-box top\">\n<div id=\"hover-mask\"><\/div>\n<ul>\n<li id=\"searchlight-search\" class=\"searchlight-search blr4 brr4\"><a class=\"blr4 brr4\" title=\"Web Search\" target=\"_self\"><span id=\"Web Search\">\u00a0<\/span><\/a><\/li>\n<\/ul>\n<\/div>\n<p>&nbsp;<\/p>\n<\/div>\n<div id=\"s2s\">\n<div id=\"s2s-flyout\" class=\"s2s-flyout-row dialog-box top\">\n<div id=\"hover-mask\"><\/div>\n<ul>\n<li id=\"searchlight-search\" class=\"searchlight-search blr4 brr4\"><a class=\"blr4 brr4\" title=\"Web Search\" target=\"_self\"><span id=\"Web Search\">\u00a0<\/span><\/a><\/li>\n<\/ul>\n<\/div>\n<p>&nbsp;<\/p>\n<\/div>\n<div id=\"s2s\">\n<div id=\"s2s-flyout\" class=\"s2s-flyout-row dialog-box top\">\n<div id=\"hover-mask\"><\/div>\n<ul>\n<li id=\"searchlight-search\" class=\"searchlight-search blr4 brr4\"><a class=\"blr4 brr4\" title=\"Web Search\" target=\"_self\"><span id=\"Web Search\">\u00a0<\/span><\/a><\/li>\n<\/ul>\n<\/div>\n<p><a id=\"s2s-dummy-link\" class=\"s2s-hide\" target=\"_blank\"><\/a><\/div>","protected":false},"excerpt":{"rendered":"<p>This department is responsible for organizing an developing research and teaching of the area of knowledge of Architectural Composition. Also, the department teaches subjetcs in the following schools: Higher Polytechnic School of Alcoy, School of Architecture, School of Design Engineering, School of Civil Engineering. Contact Administrative Service: Secretar\u00eda del Dto. de Composici\u00f3n Arquitect\u00f3nica E.T.S. Arquitectura &#8230; <a title=\"About the dept.\" class=\"read-more\" href=\"https:\/\/composarq.blogs.upv.es\/en\/que-es-el-dto\/\" aria-label=\"Read more about About the dept.\">Read more<\/a><\/p>\n","protected":false},"author":30061,"featured_media":0,"parent":0,"menu_order":0,"comment_status":"closed","ping_status":"closed","template":"","meta":{"footnotes":""},"class_list":["post-83","page","type-page","status-publish"],"_links":{"self":[{"href":"https:\/\/composarq.blogs.upv.es\/en\/wp-json\/wp\/v2\/pages\/83","targetHints":{"allow":["GET"]}}],"collection":[{"href":"https:\/\/composarq.blogs.upv.es\/en\/wp-json\/wp\/v2\/pages"}],"about":[{"href":"https:\/\/composarq.blogs.upv.es\/en\/wp-json\/wp\/v2\/types\/page"}],"author":[{"embeddable":true,"href":"https:\/\/composarq.blogs.upv.es\/en\/wp-json\/wp\/v2\/users\/30061"}],"replies":[{"embeddable":true,"href":"https:\/\/composarq.blogs.upv.es\/en\/wp-json\/wp\/v2\/comments?post=83"}],"version-history":[{"count":0,"href":"https:\/\/composarq.blogs.upv.es\/en\/wp-json\/wp\/v2\/pages\/83\/revisions"}],"wp:attachment":[{"href":"https:\/\/composarq.blogs.upv.es\/en\/wp-json\/wp\/v2\/media?parent=83"}],"curies":[{"name":"wp","href":"https:\/\/api.w.org\/{rel}","templated":true}]}}