{"id":83,"date":"2015-01-20T14:06:39","date_gmt":"2015-01-20T13:06:39","guid":{"rendered":"http:\/\/composarq.blogs.upv.es\/?page_id=83"},"modified":"2015-10-23T11:18:46","modified_gmt":"2015-10-23T10:18:46","slug":"que-es-el-dto","status":"publish","type":"page","link":"https:\/\/composarq.blogs.upv.es\/ca\/que-es-el-dto\/","title":{"rendered":"Qu\u00e8 es el Dt."},"content":{"rendered":"<h6><span style=\"color: #000000\">Este departamento es el \u00f3rgano responsable de organizar y desarrollar la investigaci\u00f3n y las ense\u00f1anzas propias del \u00e1rea de conocimiento de Composici\u00f3n Arquitect\u00f3nica.<\/span><\/h6>\n<h6><span style=\"color: #000000\">As\u00ed mismo, el departamento imparte materias en las siguientes escuelas:<\/span><\/h6>\n<h6 style=\"padding-left: 30px\"><span style=\"color: #000000\"><a style=\"color: #000000\" href=\"http:\/\/www.upv.es\/entidades\/EPSA\/index-es.html\" target=\"_blank\">E. Polit\u00e9cnica Superior de Alcoy<\/a>, <a style=\"color: #000000\" href=\"http:\/\/www.upv.es\/entidades\/ETSA\/index-es.html\" target=\"_blank\">ETS de Arquitectura<\/a>, <a style=\"color: #000000\" href=\"http:\/\/www.upv.es\/entidades\/ETSID\/index-es.html\" target=\"_blank\">ETS de Ingenier\u00eda del Dise\u00f1o<\/a>, <a style=\"color: #000000\" href=\"http:\/\/www.upv.es\/entidades\/ETSICCP\/index-es.html\" target=\"_blank\">ETSI Caminos, Canales y Puertos<\/a>.<\/span><\/h6>\n<h6><span style=\"text-decoration: underline\"><span style=\"color: #993366;text-decoration: underline\">Contacto<\/span> <span style=\"color: #993366;text-decoration: underline\">Servicios Admnistrativos:<\/span><\/span><\/h6>\n<h6 style=\"padding-left: 30px\"><em><span style=\"color: #000000\">Secretar\u00eda del Dto. de Composici\u00f3n Arquitect\u00f3nica<\/span><\/em><\/h6>\n<h6 style=\"padding-left: 30px\"><em><span style=\"color: #000000\">E.T.S. Arquitectura &#8211; Edificio 2a<\/span><\/em><\/h6>\n<h6 style=\"padding-left: 30px\"><em><span style=\"color: #000000\">Camino de Vera, s\/n &#8211; 46022 VALENCIA<\/span><\/em><\/h6>\n<h6 style=\"padding-left: 30px\"><em><span style=\"color: #000000\">Email: depcpa@upv.es<\/span><\/em><\/h6>\n<h6 style=\"padding-left: 30px\"><em><span style=\"color: #000000\">Tfno.: 963877440<\/span><\/em><\/h6>\n<h6 style=\"padding-left: 30px\"><em><span style=\"color: #000000\">Fax.:\u00a0 963877449<\/span><\/em><\/h6>","protected":false},"excerpt":{"rendered":"<p>Este departamento es el \u00f3rgano responsable de organizar y desarrollar la investigaci\u00f3n y las ense\u00f1anzas propias del \u00e1rea de conocimiento de Composici\u00f3n Arquitect\u00f3nica. As\u00ed mismo, el departamento imparte materias en las siguientes escuelas: E. Polit\u00e9cnica Superior de Alcoy, ETS de Arquitectura, ETS de Ingenier\u00eda del Dise\u00f1o, ETSI Caminos, Canales y Puertos. Contacto Servicios Admnistrativos: Secretar\u00eda &#8230; <a title=\"Qu\u00e8 es el Dt.\" class=\"read-more\" href=\"https:\/\/composarq.blogs.upv.es\/ca\/que-es-el-dto\/\" aria-label=\"Read more about Qu\u00e8 es el Dt.\">Read more<\/a><\/p>\n","protected":false},"author":30061,"featured_media":0,"parent":0,"menu_order":0,"comment_status":"closed","ping_status":"closed","template":"","meta":{"footnotes":""},"class_list":["post-83","page","type-page","status-publish"],"_links":{"self":[{"href":"https:\/\/composarq.blogs.upv.es\/ca\/wp-json\/wp\/v2\/pages\/83","targetHints":{"allow":["GET"]}}],"collection":[{"href":"https:\/\/composarq.blogs.upv.es\/ca\/wp-json\/wp\/v2\/pages"}],"about":[{"href":"https:\/\/composarq.blogs.upv.es\/ca\/wp-json\/wp\/v2\/types\/page"}],"author":[{"embeddable":true,"href":"https:\/\/composarq.blogs.upv.es\/ca\/wp-json\/wp\/v2\/users\/30061"}],"replies":[{"embeddable":true,"href":"https:\/\/composarq.blogs.upv.es\/ca\/wp-json\/wp\/v2\/comments?post=83"}],"version-history":[{"count":0,"href":"https:\/\/composarq.blogs.upv.es\/ca\/wp-json\/wp\/v2\/pages\/83\/revisions"}],"wp:attachment":[{"href":"https:\/\/composarq.blogs.upv.es\/ca\/wp-json\/wp\/v2\/media?parent=83"}],"curies":[{"name":"wp","href":"https:\/\/api.w.org\/{rel}","templated":true}]}}