{"id":56,"date":"2015-01-01T11:41:34","date_gmt":"2015-01-01T10:41:34","guid":{"rendered":"http:\/\/composarq.blogs.upv.es\/?page_id=56"},"modified":"2026-01-21T13:05:18","modified_gmt":"2026-01-21T12:05:18","slug":"profesorado","status":"publish","type":"page","link":"https:\/\/composarq.blogs.upv.es\/ca\/profesorado\/","title":{"rendered":"Professorat"},"content":{"rendered":"<h3>Director<\/h3>\n<h6>Vicente Garc\u00eda Ros<\/h6>\n<h3>Subdirector<\/h3>\n<h6>Javier Poyatos Sebasti\u00e1n<\/h6>\n<h3>Secretario<\/h3>\n<h6>Juan Bravo Bravo<\/h6>\n<h3>Resto de profesores:<\/h3>\n<h6>Antonio G\u00f3mez Gil<\/h6>\n<h6>Camilla Mileto &#8211; <a href=\"http:\/\/personales.upv.es\/cami2\/\" target=\"_blank\" rel=\"noopener noreferrer\"><em>web<\/em><\/a><\/h6>\n<h6>Carmen Jord\u00e1 Such<\/h6>\n<h6>Carmen Mart\u00ednez Gregori<\/h6>\n<h6>David Navarro Catal\u00e1n<\/h6>\n<h6>Federico Iborra Bernad<\/h6>\n<h6>Fernando Aranda Navarro<\/h6>\n<h6>Fernando Vegas L\u00f3pez-Manzanares<\/h6>\n<h6>Gaspar Mu\u00f1oz Cosme<\/h6>\n<h6>Guillermo Guimaraens Igual &#8211; <em><a href=\"http:\/\/www.guillermoguimaraens.es\/ggi\/?p=467\" target=\"_blank\" rel=\"noopener noreferrer\">web<\/a><\/em><\/h6>\n<h6>Jos\u00e9 Luis Bar\u00f3 Zarzo<\/h6>\n<h6>Juan M\u00aa Songel Gonz\u00e1lez<\/h6>\n<h6>Juan Fco. Noguera Gim\u00e9nez<\/h6>\n<h6>Juan Fco. Pic\u00f3 Silvestre<\/h6>\n<h6>Maite Palomares Figueres<\/h6>\n<h6>Mar\u00eda Josefa Balaguer Dezcallar<\/h6>\n<h6>Rosario Canet Guardiola<\/h6>\n<h6>Salvador Lara Ortega<\/h6>\n<h6>Valentina Cristini &#8211; <a href=\"http:\/\/valentinacristini.blogs.upv.es\/\" target=\"_blank\" rel=\"noopener noreferrer\"><em>web<\/em><\/a><\/h6>\n<h6>Victoria Bonet Solves<\/h6>","protected":false},"excerpt":{"rendered":"<p>Director Vicente Garc\u00eda Ros Subdirector Javier Poyatos Sebasti\u00e1n Secretario Juan Bravo Bravo Resto de profesores: Antonio G\u00f3mez Gil Camilla Mileto &#8211; web Carmen Jord\u00e1 Such Carmen Mart\u00ednez Gregori David Navarro Catal\u00e1n Federico Iborra Bernad Fernando Aranda Navarro Fernando Vegas L\u00f3pez-Manzanares Gaspar Mu\u00f1oz Cosme Guillermo Guimaraens Igual &#8211; web Jos\u00e9 Luis Bar\u00f3 Zarzo Juan M\u00aa Songel &#8230; <a title=\"Professorat\" class=\"read-more\" href=\"https:\/\/composarq.blogs.upv.es\/ca\/profesorado\/\" aria-label=\"Read more about Professorat\">Read more<\/a><\/p>\n","protected":false},"author":30061,"featured_media":0,"parent":0,"menu_order":0,"comment_status":"closed","ping_status":"closed","template":"","meta":{"footnotes":""},"class_list":["post-56","page","type-page","status-publish"],"_links":{"self":[{"href":"https:\/\/composarq.blogs.upv.es\/ca\/wp-json\/wp\/v2\/pages\/56","targetHints":{"allow":["GET"]}}],"collection":[{"href":"https:\/\/composarq.blogs.upv.es\/ca\/wp-json\/wp\/v2\/pages"}],"about":[{"href":"https:\/\/composarq.blogs.upv.es\/ca\/wp-json\/wp\/v2\/types\/page"}],"author":[{"embeddable":true,"href":"https:\/\/composarq.blogs.upv.es\/ca\/wp-json\/wp\/v2\/users\/30061"}],"replies":[{"embeddable":true,"href":"https:\/\/composarq.blogs.upv.es\/ca\/wp-json\/wp\/v2\/comments?post=56"}],"version-history":[{"count":7,"href":"https:\/\/composarq.blogs.upv.es\/ca\/wp-json\/wp\/v2\/pages\/56\/revisions"}],"predecessor-version":[{"id":26746,"href":"https:\/\/composarq.blogs.upv.es\/ca\/wp-json\/wp\/v2\/pages\/56\/revisions\/26746"}],"wp:attachment":[{"href":"https:\/\/composarq.blogs.upv.es\/ca\/wp-json\/wp\/v2\/media?parent=56"}],"curies":[{"name":"wp","href":"https:\/\/api.w.org\/{rel}","templated":true}]}}