{"id":51,"date":"2015-01-16T13:54:52","date_gmt":"2015-01-16T12:54:52","guid":{"rendered":"http:\/\/composarq.blogs.upv.es\/?page_id=51"},"modified":"2024-04-10T13:43:24","modified_gmt":"2024-04-10T12:43:24","slug":"normativa-departamental","status":"publish","type":"page","link":"https:\/\/composarq.blogs.upv.es\/ca\/pagina-ejemplo\/normativa-departamental\/","title":{"rendered":"Normativa"},"content":{"rendered":"NORMATIVA:<\/p>\n<p>10\/06\/2015:<\/p>\n<ul>\n<li><a href=\"https:\/\/composarq.blogs.upv.es\/wp-content\/uploads\/2015\/01\/28042015-NOA2015-Resumen.pdf\" target=\"_blank\" rel=\"noopener noreferrer\">NOA2015_Resumen<\/a><\/li>\n<li><a href=\"https:\/\/composarq.blogs.upv.es\/wp-content\/uploads\/2015\/01\/050615-NOA2015-Argumentario-para-DD.pdf\" target=\"_blank\" rel=\"noopener noreferrer\">NOA2015_Argumentario<\/a><\/li>\n<li><a href=\"https:\/\/composarq.blogs.upv.es\/wp-content\/uploads\/2015\/01\/NTFG-M_2015-05-28_REFUNDIDA.pdf\" target=\"_blank\" rel=\"noopener noreferrer\">Normativa marco TFG\/TFM<\/a><\/li>\n<\/ul>\n<p>&nbsp;<\/p>\n<ul>\n<li><a href=\"https:\/\/composarq.blogs.upv.es\/wp-content\/uploads\/2015\/01\/NOA.pdf\" target=\"_blank\" rel=\"noopener noreferrer\">NOA<\/a>\u00a02013<\/li>\n<li><a href=\"https:\/\/composarq.blogs.upv.es\/wp-content\/uploads\/2015\/01\/Normativa-de-R\u00e9gimen-acad\u00e9mico-y-evaluacion-del-alumnado.pdf\" target=\"_blank\" rel=\"noopener noreferrer\"> R\u00e9gimen acad\u00e9mico<\/a><\/li>\n<li><a href=\"https:\/\/composarq.blogs.upv.es\/wp-content\/uploads\/2015\/01\/Reglamento-investigacion.pdf\" target=\"_blank\" rel=\"noopener noreferrer\">Reglamento investigaci\u00f3n<\/a><\/li>\n<li><a href=\"https:\/\/composarq.blogs.upv.es\/wp-content\/uploads\/2015\/01\/Reglamento_dep.pdf\">Reglamento Dto. Composici\u00f3n Arquit.<\/a><\/li>\n<\/ul>\n<p>FORMULARIOS:<\/p>\n<ul>\n<li><a href=\"https:\/\/composarq.blogs.upv.es\/wp-content\/uploads\/2014\/11\/Hoja-de-Encargo.doc\" target=\"_blank\" rel=\"noopener noreferrer\">Hoja de encargo:<\/a><\/li>\n<li><a href=\"https:\/\/composarq.blogs.upv.es\/wp-content\/uploads\/2014\/11\/NotaEntrega.doc\" target=\"_blank\" rel=\"noopener noreferrer\">Nota de entrega:<\/a><\/li>\n<li><a href=\"https:\/\/composarq.blogs.upv.es\/wp-content\/uploads\/2014\/11\/solcitud-prestaciones.doc\" target=\"_blank\" rel=\"noopener noreferrer\">Solicitud de clave espec\u00edfica:<\/a><\/li>\n<\/ul>\n<p>PLANOS ETSAV:<\/p>\n<p><a href=\"https:\/\/composarq.blogs.upv.es\/wp-content\/uploads\/2015\/01\/ETSAV1.pdf\" target=\"_blank\" rel=\"noopener noreferrer\">ETSAV1<\/a>, <a href=\"https:\/\/composarq.blogs.upv.es\/wp-content\/uploads\/2015\/01\/ETSAV2.pdf\" target=\"_blank\" rel=\"noopener noreferrer\">ETSAV2<\/a>, <a href=\"https:\/\/composarq.blogs.upv.es\/wp-content\/uploads\/2015\/01\/ETSAV3.pdf\" target=\"_blank\" rel=\"noopener noreferrer\">ETSAV3<\/a><\/p>\n<p>&nbsp;","protected":false},"excerpt":{"rendered":"<p>NORMATIVA: 10\/06\/2015: NOA2015_Resumen NOA2015_Argumentario Normativa marco TFG\/TFM &nbsp; NOA\u00a02013 R\u00e9gimen acad\u00e9mico Reglamento investigaci\u00f3n Reglamento Dto. Composici\u00f3n Arquit. FORMULARIOS: Hoja de encargo: Nota de entrega: Solicitud de clave espec\u00edfica: PLANOS ETSAV: ETSAV1, ETSAV2, ETSAV3 &nbsp;<\/p>\n","protected":false},"author":30061,"featured_media":0,"parent":2,"menu_order":0,"comment_status":"closed","ping_status":"closed","template":"","meta":{"footnotes":""},"class_list":["post-51","page","type-page","status-publish"],"_links":{"self":[{"href":"https:\/\/composarq.blogs.upv.es\/ca\/wp-json\/wp\/v2\/pages\/51","targetHints":{"allow":["GET"]}}],"collection":[{"href":"https:\/\/composarq.blogs.upv.es\/ca\/wp-json\/wp\/v2\/pages"}],"about":[{"href":"https:\/\/composarq.blogs.upv.es\/ca\/wp-json\/wp\/v2\/types\/page"}],"author":[{"embeddable":true,"href":"https:\/\/composarq.blogs.upv.es\/ca\/wp-json\/wp\/v2\/users\/30061"}],"replies":[{"embeddable":true,"href":"https:\/\/composarq.blogs.upv.es\/ca\/wp-json\/wp\/v2\/comments?post=51"}],"version-history":[{"count":2,"href":"https:\/\/composarq.blogs.upv.es\/ca\/wp-json\/wp\/v2\/pages\/51\/revisions"}],"predecessor-version":[{"id":26275,"href":"https:\/\/composarq.blogs.upv.es\/ca\/wp-json\/wp\/v2\/pages\/51\/revisions\/26275"}],"up":[{"embeddable":true,"href":"https:\/\/composarq.blogs.upv.es\/ca\/wp-json\/wp\/v2\/pages\/2"}],"wp:attachment":[{"href":"https:\/\/composarq.blogs.upv.es\/ca\/wp-json\/wp\/v2\/media?parent=51"}],"curies":[{"name":"wp","href":"https:\/\/api.w.org\/{rel}","templated":true}]}}