{"id":401,"date":"2015-09-22T16:51:24","date_gmt":"2015-09-22T15:51:24","guid":{"rendered":"http:\/\/composarq.blogs.upv.es\/?page_id=401"},"modified":"2025-12-18T19:40:33","modified_gmt":"2025-12-18T18:40:33","slug":"plazas-personal-docente","status":"publish","type":"page","link":"https:\/\/composarq.blogs.upv.es\/ca\/plazas-personal-docente\/","title":{"rendered":"Places personal docent"},"content":{"rendered":"<p>\u00a0<\/p>\r\n<p>Plaza de Titular de Universidad (C\u00f3d.: 6151)<\/p>\r\n<ul>\r\n<li>Convocatoria<\/li>\r\n<li>Acta del concurso<\/li>\r\n<\/ul>\r\n<p>\u00a0<\/p>\r\n<p>Plaza de Profesor Ayudante Doctor (Cod. 5432)<\/p>\r\n<ul>\r\n<li><a href=\"https:\/\/composarq.blogs.upv.es\/wp-content\/uploads\/2015\/09\/Plaza-de-Valentina_5432.pdf\" target=\"_blank\" rel=\"noopener noreferrer\">Convocatoria<\/a><\/li>\r\n<li><a href=\"https:\/\/composarq.blogs.upv.es\/wp-content\/uploads\/2015\/09\/Admitidos.pdf\" target=\"_blank\" rel=\"noopener noreferrer\">Lista de admitidos definitiva<\/a><\/li>\r\n<li><a href=\"https:\/\/composarq.blogs.upv.es\/wp-content\/uploads\/2015\/09\/Constituci\u00f3n.pdf\" target=\"_blank\" rel=\"noopener noreferrer\">Constituci\u00f3n y criterios de valoraci\u00f3n.<\/a><\/li>\r\n<li><a href=\"https:\/\/composarq.blogs.upv.es\/wp-content\/uploads\/2015\/09\/Valoraci\u00f3n_5432.pdf\" target=\"_blank\" rel=\"noopener noreferrer\">Valoraci\u00f3n de m\u00e9rios<\/a><\/li>\r\n<li><a href=\"https:\/\/composarq.blogs.upv.es\/wp-content\/uploads\/2015\/09\/Entrevista_5432.pdf\" target=\"_blank\" rel=\"noopener noreferrer\">Entrevista y resoluci\u00f3n<\/a><\/li>\r\n<\/ul>\r\n<p>Bolsa de trabajo para 2 plazas profesor asociado P3. (Cod. S4490)<\/p>\r\n<ul>\r\n<li><a href=\"https:\/\/composarq.blogs.upv.es\/wp-content\/uploads\/2015\/09\/Convocatoria-ASOs_S4490.pdf\" target=\"_blank\" rel=\"noopener noreferrer\">Convocatoria<\/a><\/li>\r\n<li><a href=\"https:\/\/composarq.blogs.upv.es\/wp-content\/uploads\/2015\/09\/20151008145747093.pdf\" target=\"_blank\" rel=\"noopener noreferrer\">Lista provisional de admitidos y excluidos<\/a><\/li>\r\n<li><a href=\"https:\/\/composarq.blogs.upv.es\/wp-content\/uploads\/2015\/09\/Listado-definitivo.pdf\" target=\"_blank\" rel=\"noopener noreferrer\">Lista definitiva de admitidos y excluidos<\/a><\/li>\r\n<\/ul>\r\n<p>\u00a0<\/p>\r\n<p>\u00a0<\/p>\r\n<div id=\"yui3-css-stamp\">\u00a0<\/div>\r\n<div id=\"s2s\">\r\n<div id=\"s2s-flyout\" class=\"s2s-flyout-row dialog-box top\">\r\n<div id=\"hover-mask\">\u00a0<\/div>\r\n<ul>\r\n<li id=\"searchlight-search\" class=\"searchlight-search blr4 brr4\"><a class=\"blr4 brr4\" title=\"Web Search\" target=\"_self\" rel=\"noopener noreferrer\"><span id=\"Web Search\">\u00a0<\/span><\/a><\/li>\r\n<\/ul>\r\n<\/div>\r\n<p>\u00a0<\/p>\r\n<\/div>\r\n<div id=\"s2s\">\r\n<div id=\"s2s-flyout\" class=\"s2s-flyout-row dialog-box top\">\r\n<div id=\"hover-mask\">\u00a0<\/div>\r\n<ul>\r\n<li id=\"searchlight-search\" class=\"searchlight-search blr4 brr4\"><a class=\"blr4 brr4\" title=\"Web Search\" target=\"_self\" rel=\"noopener noreferrer\"><span id=\"Web Search\">\u00a0<\/span><\/a><\/li>\r\n<\/ul>\r\n<\/div>\r\n<p>\u00a0<\/p>\r\n<\/div>\r\n<div id=\"s2s\">\r\n<div id=\"s2s-flyout\" class=\"s2s-flyout-row dialog-box top\">\r\n<div id=\"hover-mask\">\u00a0<\/div>\r\n<ul>\r\n<li id=\"searchlight-search\" class=\"searchlight-search blr4 brr4\"><a class=\"blr4 brr4\" title=\"Web Search\" target=\"_self\" rel=\"noopener noreferrer\"><span id=\"Web Search\">\u00a0<\/span><\/a><\/li>\r\n<\/ul>\r\n<\/div>\r\n<p>\u00a0<\/p>\r\n<\/div>\r\n<p><\/p>","protected":false},"excerpt":{"rendered":"<p>\u00a0 Plaza de Titular de Universidad (C\u00f3d.: 6151) Convocatoria Acta del concurso \u00a0 Plaza de Profesor Ayudante Doctor (Cod. 5432) Convocatoria Lista de admitidos definitiva Constituci\u00f3n y criterios de valoraci\u00f3n. Valoraci\u00f3n de m\u00e9rios Entrevista y resoluci\u00f3n Bolsa de trabajo para 2 plazas profesor asociado P3. (Cod. S4490) Convocatoria Lista provisional de admitidos y excluidos Lista &#8230; <a title=\"Places personal docent\" class=\"read-more\" href=\"https:\/\/composarq.blogs.upv.es\/ca\/plazas-personal-docente\/\" aria-label=\"Read more about Places personal docent\">Read more<\/a><\/p>\n","protected":false},"author":30061,"featured_media":0,"parent":0,"menu_order":0,"comment_status":"closed","ping_status":"closed","template":"","meta":{"footnotes":""},"class_list":["post-401","page","type-page","status-publish"],"_links":{"self":[{"href":"https:\/\/composarq.blogs.upv.es\/ca\/wp-json\/wp\/v2\/pages\/401","targetHints":{"allow":["GET"]}}],"collection":[{"href":"https:\/\/composarq.blogs.upv.es\/ca\/wp-json\/wp\/v2\/pages"}],"about":[{"href":"https:\/\/composarq.blogs.upv.es\/ca\/wp-json\/wp\/v2\/types\/page"}],"author":[{"embeddable":true,"href":"https:\/\/composarq.blogs.upv.es\/ca\/wp-json\/wp\/v2\/users\/30061"}],"replies":[{"embeddable":true,"href":"https:\/\/composarq.blogs.upv.es\/ca\/wp-json\/wp\/v2\/comments?post=401"}],"version-history":[{"count":2,"href":"https:\/\/composarq.blogs.upv.es\/ca\/wp-json\/wp\/v2\/pages\/401\/revisions"}],"predecessor-version":[{"id":26719,"href":"https:\/\/composarq.blogs.upv.es\/ca\/wp-json\/wp\/v2\/pages\/401\/revisions\/26719"}],"wp:attachment":[{"href":"https:\/\/composarq.blogs.upv.es\/ca\/wp-json\/wp\/v2\/media?parent=401"}],"curies":[{"name":"wp","href":"https:\/\/api.w.org\/{rel}","templated":true}]}}