{"id":1433,"date":"2016-11-24T14:01:53","date_gmt":"2016-11-24T13:01:53","guid":{"rendered":"http:\/\/composarq.blogs.upv.es\/?page_id=1433"},"modified":"2019-03-26T11:43:06","modified_gmt":"2019-03-26T10:43:06","slug":"area-de-conocimiento-composicion-arquitectonica-en-espana","status":"publish","type":"page","link":"https:\/\/composarq.blogs.upv.es\/ca\/area-de-conocimiento-composicion-arquitectonica-en-espana\/","title":{"rendered":"\u00c1rea de Conocimiento Composici\u00f3n Arquitect\u00f3nica en Espa\u00f1a"},"content":{"rendered":"<p class=\"qtranxs-available-languages-message qtranxs-available-languages-message-ca\">Ho sentim, aquest missatge no est\u00e0 disponible en valenci\u00e0<\/p>","protected":false},"excerpt":{"rendered":"<p>Ho sentim, aquest missatge no est\u00e0 disponible en valenci\u00e0<\/p>\n","protected":false},"author":30061,"featured_media":0,"parent":0,"menu_order":0,"comment_status":"closed","ping_status":"closed","template":"","meta":{"footnotes":""},"class_list":["post-1433","page","type-page","status-publish"],"_links":{"self":[{"href":"https:\/\/composarq.blogs.upv.es\/ca\/wp-json\/wp\/v2\/pages\/1433","targetHints":{"allow":["GET"]}}],"collection":[{"href":"https:\/\/composarq.blogs.upv.es\/ca\/wp-json\/wp\/v2\/pages"}],"about":[{"href":"https:\/\/composarq.blogs.upv.es\/ca\/wp-json\/wp\/v2\/types\/page"}],"author":[{"embeddable":true,"href":"https:\/\/composarq.blogs.upv.es\/ca\/wp-json\/wp\/v2\/users\/30061"}],"replies":[{"embeddable":true,"href":"https:\/\/composarq.blogs.upv.es\/ca\/wp-json\/wp\/v2\/comments?post=1433"}],"version-history":[{"count":0,"href":"https:\/\/composarq.blogs.upv.es\/ca\/wp-json\/wp\/v2\/pages\/1433\/revisions"}],"wp:attachment":[{"href":"https:\/\/composarq.blogs.upv.es\/ca\/wp-json\/wp\/v2\/media?parent=1433"}],"curies":[{"name":"wp","href":"https:\/\/api.w.org\/{rel}","templated":true}]}}